{"id":3120,"date":"2026-04-10T03:21:40","date_gmt":"2026-04-10T03:21:40","guid":{"rendered":"https:\/\/serenebrowsing.shop\/?post_type=product&#038;p=3120"},"modified":"2026-04-10T03:31:30","modified_gmt":"2026-04-10T03:31:30","slug":"silla-de-oficina-para-gaming-escritorio-ergonmica-con-reposacabezas-ajustable-y-con-soporte-lumbar-respaldo-de-malla-transpirable-reposabrazos-abatibles-de-90-giratoria-360-sf168-002","status":"publish","type":"product","link":"https:\/\/serenebrowsing.shop\/es\/producto\/silla-de-oficina-para-gaming-escritorio-ergonmica-con-reposacabezas-ajustable-y-con-soporte-lumbar-respaldo-de-malla-transpirable-reposabrazos-abatibles-de-90-giratoria-360-sf168-002\/","title":{"rendered":"Silla de Oficina, para Gaming, Escritorio Ergonmica con Reposacabezas, Ajustable y con Soporte Lumbar Respaldo de Malla Transpirable Reposabrazos Abatibles de 90 Giratoria 360 (SF168-002)"},"content":{"rendered":"<div data-elementor-type=\"product-post\" data-elementor-id=\"3120\" class=\"elementor elementor-3120\" data-elementor-post-type=\"product\">\n\t\t\t\t<div class=\"elementor-element elementor-element-21888df9 e-flex e-con-boxed e-con e-parent\" data-id=\"21888df9\" data-element_type=\"container\" data-settings=\"{&quot;ekit_has_onepagescroll_dot&quot;:&quot;yes&quot;}\">\n\t\t\t\t\t<div class=\"e-con-inner\">\n\t\t<div class=\"elementor-element elementor-element-5945e84d e-grid e-con-full e-con e-child\" data-id=\"5945e84d\" data-element_type=\"container\" data-settings=\"{&quot;ekit_has_onepagescroll_dot&quot;:&quot;yes&quot;}\">\n\t\t\t\t<div class=\"elementor-element elementor-element-1203fc72 elementor-widget elementor-widget-video\" data-id=\"1203fc72\" data-element_type=\"widget\" data-settings=\"{&quot;video_type&quot;:&quot;hosted&quot;,&quot;controls&quot;:&quot;yes&quot;,&quot;ekit_we_effect_on&quot;:&quot;none&quot;}\" data-widget_type=\"video.default\">\n\t\t\t\t<div class=\"elementor-widget-container\">\n\t\t\t\t\t\t\t<div class=\"e-hosted-video elementor-wrapper elementor-open-inline\">\n\t\t\t\t\t<video class=\"elementor-video\" src=\"https:\/\/serenebrowsing.shop\/wp-content\/uploads\/2026\/04\/video_2026-04-08_16-05-04.mp4\" controls=\"\" preload=\"metadata\" controlslist=\"nodownload\"><\/video>\n\t\t\t\t<\/div>\n\t\t\t\t\t\t<\/div>\n\t\t\t\t<\/div>\n\t\t\t\t<div class=\"elementor-element elementor-element-7bb9bc89 elementor-widget elementor-widget-text-editor\" data-id=\"7bb9bc89\" data-element_type=\"widget\" data-settings=\"{&quot;ekit_we_effect_on&quot;:&quot;none&quot;}\" data-widget_type=\"text-editor.default\">\n\t\t\t\t<div class=\"elementor-widget-container\">\n\t\t\t\t\t\t\t\t\t<div class=\"elementor-widget-container\">\n\t\t\t\t\t\t\t\t\t# Detalles del art\u00edculo\n\n<div class=\"product-table\">\n  <div class=\"product-row\">\n    <div class=\"product-label\"><strong>Usos recomendados del producto<\/strong><\/div>\n    <div class=\"product-value\"><strong>Oficina, Lectura, Relajaci\u00f3n<\/strong><\/div>\n  <\/div>\n  <div class=\"product-row\">\n    <div class=\"product-label\"><strong>Tipo de habitaci\u00f3n<\/strong><\/div>\n    <div class=\"product-value\"><strong>Dormitorio, Despacho, Sala de estudio<\/strong><\/div>\n  <\/div>\n  <div class=\"product-row\">\n    <div class=\"product-label\"><strong>Rango de edad Descripci\u00f3n<\/strong><\/div>\n    <div class=\"product-value\"><strong>Adultos<\/strong><\/div>\n  <\/div>\n  <div class=\"product-row\">\n    <div class=\"product-label\"><strong>Componentes incluidos<\/strong><\/div>\n    <div class=\"product-value\"><strong>1 x Instrucciones, 1 x Silla de oficina<\/strong><\/div>\n  <\/div>\n  <div class=\"product-row\">\n    <div class=\"product-label\"><strong>Recomendaci\u00f3n de superficie<\/strong><\/div>\n    <div class=\"product-value\"><strong>Suelo duro<\/strong><\/div>\n  <\/div>\n  <div class=\"product-row\">\n    <div class=\"product-label\"><strong>Interior Exterior Uso<\/strong><\/div>\n    <div class=\"product-value\"><strong>Interior<\/strong><\/div>\n  <\/div>\n  <div class=\"product-row\">\n    <div class=\"product-label\"><strong>Recuento de unidades<\/strong><\/div>\n    <div class=\"product-value\"><strong>1.0 Recuento<\/strong><\/div>\n  <\/div>\n<\/div>\n\n<style>\n.product-table {\n  width: 100%;\n  border-top: 1px solid #000;\n  font-family: Arial, sans-serif;\n}\n\n.product-row {\n  display: flex;\n  border-bottom: 1px solid #000;\n  padding: 12px 0;\n}\n\n.product-label {\n  flex: 1;\n  font-weight: bold;\n  min-width: 200px;\n  padding-right: 20px;\n}\n\n.product-value {\n  flex: 1;\n  min-width: 200px;\n}\n<\/style>\n<\/div>\t\t\t\t\t\t\t\t<\/div>\n\t\t\t\t<\/div>\n\t\t\t\t<\/div>\n\t\t\t\t\t<\/div>\n\t\t\t\t<\/div>\n\t\t<div class=\"elementor-element elementor-element-4cfdec0c e-flex e-con-boxed e-con e-parent\" data-id=\"4cfdec0c\" data-element_type=\"container\" data-settings=\"{&quot;ekit_has_onepagescroll_dot&quot;:&quot;yes&quot;}\">\n\t\t\t\t\t<div class=\"e-con-inner\">\n\t\t\t\t<div class=\"elementor-element elementor-element-32a05ec7 elementor--h-position-center elementor--v-position-middle elementor-arrows-position-inside elementor-pagination-position-inside elementor-widget elementor-widget-slides\" data-id=\"32a05ec7\" data-element_type=\"widget\" data-settings=\"{&quot;navigation&quot;:&quot;both&quot;,&quot;autoplay&quot;:&quot;yes&quot;,&quot;pause_on_hover&quot;:&quot;yes&quot;,&quot;pause_on_interaction&quot;:&quot;yes&quot;,&quot;autoplay_speed&quot;:5000,&quot;infinite&quot;:&quot;yes&quot;,&quot;transition&quot;:&quot;slide&quot;,&quot;transition_speed&quot;:500,&quot;ekit_we_effect_on&quot;:&quot;none&quot;}\" data-widget_type=\"slides.default\">\n\t\t\t\t<div class=\"elementor-widget-container\">\n\t\t\t\t\t\t\t\t\t<div class=\"elementor-swiper\">\n\t\t\t\t\t<div class=\"elementor-slides-wrapper elementor-main-swiper swiper\" role=\"region\" aria-roledescription=\"carousel\" aria-label=\"Diapositivas\" dir=\"ltr\" data-animation=\"fadeInUp\">\n\t\t\t\t<div class=\"swiper-wrapper elementor-slides\">\n\t\t\t\t\t\t\t\t\t\t<div class=\"elementor-repeater-item-55fc6ec swiper-slide\" role=\"group\" aria-roledescription=\"slide\"><div class=\"swiper-slide-bg\" role=\"img\"><\/div><div class=\"swiper-slide-inner\" ><div class=\"swiper-slide-contents\"><div class=\"elementor-slide-heading\">Escena de uso m\u00faltiple<\/div><\/div><\/div><\/div><div class=\"elementor-repeater-item-2bc3ed2 swiper-slide\" role=\"group\" aria-roledescription=\"slide\"><div class=\"swiper-slide-bg\" role=\"img\"><\/div><div class=\"swiper-slide-inner\" ><div class=\"swiper-slide-contents\"><div class=\"elementor-slide-heading\">Sala de juegos<\/div><\/div><\/div><\/div><div class=\"elementor-repeater-item-79ac600 swiper-slide\" role=\"group\" aria-roledescription=\"slide\"><div class=\"swiper-slide-bg\" role=\"img\"><\/div><div class=\"swiper-slide-inner\" ><div class=\"swiper-slide-contents\"><div class=\"elementor-slide-heading\">Sala de estudio<\/div><\/div><\/div><\/div><div class=\"elementor-repeater-item-dfdfff1 swiper-slide\" role=\"group\" aria-roledescription=\"slide\"><div class=\"swiper-slide-bg\" role=\"img\"><\/div><div class=\"swiper-slide-inner\" ><div class=\"swiper-slide-contents\"><div class=\"elementor-slide-heading\">Sala de reuniones<\/div><\/div><\/div><\/div>\t\t\t\t<\/div>\n\t\t\t\t\t\t\t\t\t\t\t\t\t\t\t<div class=\"elementor-swiper-button elementor-swiper-button-prev\" role=\"button\" tabindex=\"0\" aria-label=\"Diapositiva anterior\" data-no-translation-aria-label=\"\">\n\t\t\t\t\t\t\t<svg aria-hidden=\"true\" class=\"e-font-icon-svg e-eicon-chevron-left\" viewbox=\"0 0 1000 1000\" xmlns=\"http:\/\/www.w3.org\/2000\/svg\"><path d=\"M646 125C629 125 613 133 604 142L308 442C296 454 292 471 292 487 292 504 296 521 308 533L604 854C617 867 629 875 646 875 663 875 679 871 692 858 704 846 713 829 713 812 713 796 708 779 692 767L438 487 692 225C700 217 708 204 708 187 708 171 704 154 692 142 675 129 663 125 646 125Z\"><\/path><\/svg>\t\t\t\t\t\t<\/div>\n\t\t\t\t\t\t<div class=\"elementor-swiper-button elementor-swiper-button-next\" role=\"button\" tabindex=\"0\" aria-label=\"Siguiente diapositiva\" data-no-translation-aria-label=\"\">\n\t\t\t\t\t\t\t<svg aria-hidden=\"true\" class=\"e-font-icon-svg e-eicon-chevron-right\" viewbox=\"0 0 1000 1000\" xmlns=\"http:\/\/www.w3.org\/2000\/svg\"><path d=\"M696 533C708 521 713 504 713 487 713 471 708 454 696 446L400 146C388 133 375 125 354 125 338 125 325 129 313 142 300 154 292 171 292 187 292 204 296 221 308 233L563 492 304 771C292 783 288 800 288 817 288 833 296 850 308 863 321 871 338 875 354 875 371 875 388 867 400 854L696 533Z\"><\/path><\/svg>\t\t\t\t\t\t<\/div>\n\t\t\t\t\t\t\t\t\t\t\t\t\t\t\t\t<div class=\"swiper-pagination\"><\/div>\n\t\t\t\t\t\t\t\t\t\t\t\t<\/div>\n\t\t\t\t<\/div>\n\t\t\t\t\t\t\t\t<\/div>\n\t\t\t\t<\/div>\n\t\t\t\t<div class=\"elementor-element elementor-element-458b58a6 elementor--h-position-center elementor--v-position-middle elementor-arrows-position-inside elementor-pagination-position-inside elementor-widget elementor-widget-slides\" data-id=\"458b58a6\" data-element_type=\"widget\" data-settings=\"{&quot;navigation&quot;:&quot;both&quot;,&quot;autoplay&quot;:&quot;yes&quot;,&quot;pause_on_hover&quot;:&quot;yes&quot;,&quot;pause_on_interaction&quot;:&quot;yes&quot;,&quot;autoplay_speed&quot;:5000,&quot;infinite&quot;:&quot;yes&quot;,&quot;transition&quot;:&quot;slide&quot;,&quot;transition_speed&quot;:500,&quot;ekit_we_effect_on&quot;:&quot;none&quot;}\" data-widget_type=\"slides.default\">\n\t\t\t\t<div class=\"elementor-widget-container\">\n\t\t\t\t\t\t\t\t\t<div class=\"elementor-swiper\">\n\t\t\t\t\t<div class=\"elementor-slides-wrapper elementor-main-swiper swiper\" role=\"region\" aria-roledescription=\"carousel\" aria-label=\"Diapositivas\" dir=\"ltr\" data-animation=\"fadeInUp\">\n\t\t\t\t<div class=\"swiper-wrapper elementor-slides\">\n\t\t\t\t\t\t\t\t\t\t<div class=\"elementor-repeater-item-8faffde swiper-slide\" role=\"group\" aria-roledescription=\"slide\"><div class=\"swiper-slide-bg\" role=\"img\"><\/div><div class=\"swiper-slide-inner\" ><div class=\"swiper-slide-contents\"><\/div><\/div><\/div><div class=\"elementor-repeater-item-caddde8 swiper-slide\" role=\"group\" aria-roledescription=\"slide\"><div class=\"swiper-slide-bg\" role=\"img\"><\/div><div class=\"swiper-slide-inner\" ><div class=\"swiper-slide-contents\"><\/div><\/div><\/div>\t\t\t\t<\/div>\n\t\t\t\t\t\t\t\t\t\t\t\t\t\t\t<div class=\"elementor-swiper-button elementor-swiper-button-prev\" role=\"button\" tabindex=\"0\" aria-label=\"Diapositiva anterior\" data-no-translation-aria-label=\"\">\n\t\t\t\t\t\t\t<svg aria-hidden=\"true\" class=\"e-font-icon-svg e-eicon-chevron-left\" viewbox=\"0 0 1000 1000\" xmlns=\"http:\/\/www.w3.org\/2000\/svg\"><path d=\"M646 125C629 125 613 133 604 142L308 442C296 454 292 471 292 487 292 504 296 521 308 533L604 854C617 867 629 875 646 875 663 875 679 871 692 858 704 846 713 829 713 812 713 796 708 779 692 767L438 487 692 225C700 217 708 204 708 187 708 171 704 154 692 142 675 129 663 125 646 125Z\"><\/path><\/svg>\t\t\t\t\t\t<\/div>\n\t\t\t\t\t\t<div class=\"elementor-swiper-button elementor-swiper-button-next\" role=\"button\" tabindex=\"0\" aria-label=\"Siguiente diapositiva\" data-no-translation-aria-label=\"\">\n\t\t\t\t\t\t\t<svg aria-hidden=\"true\" class=\"e-font-icon-svg e-eicon-chevron-right\" viewbox=\"0 0 1000 1000\" xmlns=\"http:\/\/www.w3.org\/2000\/svg\"><path d=\"M696 533C708 521 713 504 713 487 713 471 708 454 696 446L400 146C388 133 375 125 354 125 338 125 325 129 313 142 300 154 292 171 292 187 292 204 296 221 308 233L563 492 304 771C292 783 288 800 288 817 288 833 296 850 308 863 321 871 338 875 354 875 371 875 388 867 400 854L696 533Z\"><\/path><\/svg>\t\t\t\t\t\t<\/div>\n\t\t\t\t\t\t\t\t\t\t\t\t\t\t\t\t<div class=\"swiper-pagination\"><\/div>\n\t\t\t\t\t\t\t\t\t\t\t\t<\/div>\n\t\t\t\t<\/div>\n\t\t\t\t\t\t\t\t<\/div>\n\t\t\t\t<\/div>\n\t\t\t\t\t<\/div>\n\t\t\t\t<\/div>\n\t\t<div class=\"elementor-element elementor-element-3ef92b45 e-flex e-con-boxed e-con e-parent\" data-id=\"3ef92b45\" data-element_type=\"container\" data-settings=\"{&quot;ekit_has_onepagescroll_dot&quot;:&quot;yes&quot;}\">\n\t\t\t\t\t<div class=\"e-con-inner\">\n\t\t\t\t<div class=\"elementor-element elementor-element-37be7756 elementor-widget elementor-widget-image\" data-id=\"37be7756\" data-element_type=\"widget\" data-settings=\"{&quot;ekit_we_effect_on&quot;:&quot;none&quot;}\" data-widget_type=\"image.default\">\n\t\t\t\t<div class=\"elementor-widget-container\">\n\t\t\t\t\t\t\t\t\t\t\t\t\t\t\t<img fetchpriority=\"high\" decoding=\"async\" width=\"1464\" height=\"600\" src=\"https:\/\/serenebrowsing.shop\/wp-content\/uploads\/2026\/04\/3.jpg\" class=\"attachment-full size-full wp-image-3141 wvs-archive-product-image\" alt=\"\" srcset=\"https:\/\/serenebrowsing.shop\/wp-content\/uploads\/2026\/04\/3.jpg 1464w, https:\/\/serenebrowsing.shop\/wp-content\/uploads\/2026\/04\/3-300x123.jpg 300w, https:\/\/serenebrowsing.shop\/wp-content\/uploads\/2026\/04\/3-1024x420.jpg 1024w, https:\/\/serenebrowsing.shop\/wp-content\/uploads\/2026\/04\/3-768x315.jpg 768w, https:\/\/serenebrowsing.shop\/wp-content\/uploads\/2026\/04\/3-18x7.jpg 18w, https:\/\/serenebrowsing.shop\/wp-content\/uploads\/2026\/04\/3-600x246.jpg 600w\" sizes=\"(max-width: 1464px) 100vw, 1464px\" \/>\t\t\t\t\t\t\t\t\t\t\t\t\t\t\t<\/div>\n\t\t\t\t<\/div>\n\t\t\t\t<div class=\"elementor-element elementor-element-5d38b632 elementor-widget elementor-widget-heading\" data-id=\"5d38b632\" data-element_type=\"widget\" data-settings=\"{&quot;ekit_we_effect_on&quot;:&quot;none&quot;}\" data-widget_type=\"heading.default\">\n\t\t\t\t<div class=\"elementor-widget-container\">\n\t\t\t\t\t<h2 class=\"elementor-heading-title elementor-size-default\">Asiento de espuma de alta densidad<\/h2>\t\t\t\t<\/div>\n\t\t\t\t<\/div>\n\t\t\t\t<div class=\"elementor-element elementor-element-2f1b2b43 elementor-widget elementor-widget-text-editor\" data-id=\"2f1b2b43\" data-element_type=\"widget\" data-settings=\"{&quot;ekit_we_effect_on&quot;:&quot;none&quot;}\" data-widget_type=\"text-editor.default\">\n\t\t\t\t<div class=\"elementor-widget-container\">\n\t\t\t\t\t\t\t\t\t<p>El coj\u00edn del asiento est\u00e1 fabricado con\u00a0<strong>espuma de alta densidad y recuperaci\u00f3n lenta<\/strong>, que se adapta a la forma del cuerpo sin hundirse. Ofrece una distribuci\u00f3n uniforme del peso y evita la sensaci\u00f3n de entumecimiento en piernas y gl\u00fateos.<\/p>\t\t\t\t\t\t\t\t<\/div>\n\t\t\t\t<\/div>\n\t\t\t\t<div class=\"elementor-element elementor-element-1c5cb6ee elementor-widget elementor-widget-image\" data-id=\"1c5cb6ee\" data-element_type=\"widget\" data-settings=\"{&quot;ekit_we_effect_on&quot;:&quot;none&quot;}\" data-widget_type=\"image.default\">\n\t\t\t\t<div class=\"elementor-widget-container\">\n\t\t\t\t\t\t\t\t\t\t\t\t\t\t\t<img decoding=\"async\" width=\"1464\" height=\"600\" src=\"https:\/\/serenebrowsing.shop\/wp-content\/uploads\/2026\/04\/4.jpg\" class=\"attachment-full size-full wp-image-3142 wvs-archive-product-image\" alt=\"\" srcset=\"https:\/\/serenebrowsing.shop\/wp-content\/uploads\/2026\/04\/4.jpg 1464w, https:\/\/serenebrowsing.shop\/wp-content\/uploads\/2026\/04\/4-300x123.jpg 300w, https:\/\/serenebrowsing.shop\/wp-content\/uploads\/2026\/04\/4-1024x420.jpg 1024w, https:\/\/serenebrowsing.shop\/wp-content\/uploads\/2026\/04\/4-768x315.jpg 768w, https:\/\/serenebrowsing.shop\/wp-content\/uploads\/2026\/04\/4-18x7.jpg 18w, https:\/\/serenebrowsing.shop\/wp-content\/uploads\/2026\/04\/4-600x246.jpg 600w\" sizes=\"(max-width: 1464px) 100vw, 1464px\" \/>\t\t\t\t\t\t\t\t\t\t\t\t\t\t\t<\/div>\n\t\t\t\t<\/div>\n\t\t\t\t<div class=\"elementor-element elementor-element-b313e9b elementor-widget elementor-widget-heading\" data-id=\"b313e9b\" data-element_type=\"widget\" data-settings=\"{&quot;ekit_we_effect_on&quot;:&quot;none&quot;}\" data-widget_type=\"heading.default\">\n\t\t\t\t<div class=\"elementor-widget-container\">\n\t\t\t\t\t<h2 class=\"elementor-heading-title elementor-size-default\">Vers\u00e1til para oficina, despacho o estudio<\/h2>\t\t\t\t<\/div>\n\t\t\t\t<\/div>\n\t\t\t\t<div class=\"elementor-element elementor-element-23d39d55 elementor-widget elementor-widget-text-editor\" data-id=\"23d39d55\" data-element_type=\"widget\" data-settings=\"{&quot;ekit_we_effect_on&quot;:&quot;none&quot;}\" data-widget_type=\"text-editor.default\">\n\t\t\t\t<div class=\"elementor-widget-container\">\n\t\t\t\t\t\t\t\t\t<p>Perfecta para\u00a0<strong>trabajo profesional, teletrabajo, sala de juntas, recepci\u00f3n o estudio de estudiantes<\/strong>. Su estilo moderno y profesional combina con cualquier decoraci\u00f3n de oficina o hogar.<\/p>\t\t\t\t\t\t\t\t<\/div>\n\t\t\t\t<\/div>\n\t\t\t\t<div class=\"elementor-element elementor-element-2946be27 elementor-widget elementor-widget-image\" data-id=\"2946be27\" data-element_type=\"widget\" data-settings=\"{&quot;ekit_we_effect_on&quot;:&quot;none&quot;}\" data-widget_type=\"image.default\">\n\t\t\t\t<div class=\"elementor-widget-container\">\n\t\t\t\t\t\t\t\t\t\t\t\t\t\t\t<img decoding=\"async\" width=\"1464\" height=\"600\" src=\"https:\/\/serenebrowsing.shop\/wp-content\/uploads\/2026\/04\/5.jpg\" class=\"attachment-full size-full wp-image-3143 wvs-archive-product-image\" alt=\"\" srcset=\"https:\/\/serenebrowsing.shop\/wp-content\/uploads\/2026\/04\/5.jpg 1464w, https:\/\/serenebrowsing.shop\/wp-content\/uploads\/2026\/04\/5-300x123.jpg 300w, https:\/\/serenebrowsing.shop\/wp-content\/uploads\/2026\/04\/5-1024x420.jpg 1024w, https:\/\/serenebrowsing.shop\/wp-content\/uploads\/2026\/04\/5-768x315.jpg 768w, https:\/\/serenebrowsing.shop\/wp-content\/uploads\/2026\/04\/5-18x7.jpg 18w, https:\/\/serenebrowsing.shop\/wp-content\/uploads\/2026\/04\/5-600x246.jpg 600w\" sizes=\"(max-width: 1464px) 100vw, 1464px\" \/>\t\t\t\t\t\t\t\t\t\t\t\t\t\t\t<\/div>\n\t\t\t\t<\/div>\n\t\t\t\t<div class=\"elementor-element elementor-element-6a93521a elementor-widget elementor-widget-heading\" data-id=\"6a93521a\" data-element_type=\"widget\" data-settings=\"{&quot;ekit_we_effect_on&quot;:&quot;none&quot;}\" data-widget_type=\"heading.default\">\n\t\t\t\t<div class=\"elementor-widget-container\">\n\t\t\t\t\t<h2 class=\"elementor-heading-title elementor-size-default\">Montaje sencillo en 15 minutos<\/h2>\t\t\t\t<\/div>\n\t\t\t\t<\/div>\n\t\t\t\t<div class=\"elementor-element elementor-element-3cf756d elementor-widget elementor-widget-text-editor\" data-id=\"3cf756d\" data-element_type=\"widget\" data-settings=\"{&quot;ekit_we_effect_on&quot;:&quot;none&quot;}\" data-widget_type=\"text-editor.default\">\n\t\t\t\t<div class=\"elementor-widget-container\">\n\t\t\t\t\t\t\t\t\t<p>La silla se entrega con herramientas, tornillos e instrucciones claras. El sistema de montaje por encaje reduce el uso de herramientas complejas. Cualquier persona puede montarla en casa en aproximadamente 15 minutos.<\/p>\t\t\t\t\t\t\t\t<\/div>\n\t\t\t\t<\/div>\n\t\t\t\t<div class=\"elementor-element elementor-element-e8ab419 elementor-widget elementor-widget-image\" data-id=\"e8ab419\" data-element_type=\"widget\" data-settings=\"{&quot;ekit_we_effect_on&quot;:&quot;none&quot;}\" data-widget_type=\"image.default\">\n\t\t\t\t<div class=\"elementor-widget-container\">\n\t\t\t\t\t\t\t\t\t\t\t\t\t\t\t<img loading=\"lazy\" decoding=\"async\" width=\"1464\" height=\"600\" src=\"https:\/\/serenebrowsing.shop\/wp-content\/uploads\/2026\/04\/ccdcfa03-15b1-4474-a8c9-ea15326b40f4.__CR0029281200_PT0_SX1464_V1___.jpg\" class=\"attachment-full size-full wp-image-3144 wvs-archive-product-image\" alt=\"\" srcset=\"https:\/\/serenebrowsing.shop\/wp-content\/uploads\/2026\/04\/ccdcfa03-15b1-4474-a8c9-ea15326b40f4.__CR0029281200_PT0_SX1464_V1___.jpg 1464w, https:\/\/serenebrowsing.shop\/wp-content\/uploads\/2026\/04\/ccdcfa03-15b1-4474-a8c9-ea15326b40f4.__CR0029281200_PT0_SX1464_V1___-300x123.jpg 300w, https:\/\/serenebrowsing.shop\/wp-content\/uploads\/2026\/04\/ccdcfa03-15b1-4474-a8c9-ea15326b40f4.__CR0029281200_PT0_SX1464_V1___-1024x420.jpg 1024w, https:\/\/serenebrowsing.shop\/wp-content\/uploads\/2026\/04\/ccdcfa03-15b1-4474-a8c9-ea15326b40f4.__CR0029281200_PT0_SX1464_V1___-768x315.jpg 768w, https:\/\/serenebrowsing.shop\/wp-content\/uploads\/2026\/04\/ccdcfa03-15b1-4474-a8c9-ea15326b40f4.__CR0029281200_PT0_SX1464_V1___-18x7.jpg 18w, https:\/\/serenebrowsing.shop\/wp-content\/uploads\/2026\/04\/ccdcfa03-15b1-4474-a8c9-ea15326b40f4.__CR0029281200_PT0_SX1464_V1___-600x246.jpg 600w\" sizes=\"(max-width: 1464px) 100vw, 1464px\" \/>\t\t\t\t\t\t\t\t\t\t\t\t\t\t\t<\/div>\n\t\t\t\t<\/div>\n\t\t\t\t\t<\/div>\n\t\t\t\t<\/div>\n\t\t\t\t<\/div>","protected":false},"excerpt":{"rendered":"<h1 class=\"a-size-base-plus a-text-bold\">Acerca de este art\u00edculo<\/h1>\n<ul class=\"a-unordered-list a-vertical a-spacing-mini\">\n<li class=\"a-spacing-mini\"><span class=\"a-list-item\">\u3010Asiento acolchado y respaldo de malla\u3011Esta silla de oficina est\u00e1 dise\u00f1ada para ofrecer los beneficios combinados de un asiento acolchado de espuma y un respaldo de malla. El asiento acolchado extra ancho es el\u00e1stico y no es f\u00e1cil de deformar, ofreciendo un soporte \u00f3ptimo para un largo per\u00edodo de estar sentado. Adem\u00e1s, el respaldo alto envuelto con malla transpirable le proporciona una experiencia de sentado m\u00e1s fresca y un soporte completo para la espalda.<\/span><\/li>\n<li class=\"a-spacing-mini\"><span class=\"a-list-item\">\u3010Foldable Armrest Design\u3011Esta silla ergon\u00f3mica est\u00e1 dise\u00f1ada para ahorrar espacio, ya que le permite guardarla debajo del escritorio cuando no est\u00e9 en uso. Sus brazos ajustables aseguran que pueda adaptarse a cualquier escritorio con diferentes alturas. Los reposabrazos acolchados con espuma ofrecen una comodidad excepcional para sus antebrazos y manos.<\/span><\/li>\n<\/ul>","protected":false},"featured_media":3123,"comment_status":"open","ping_status":"closed","template":"","meta":{"_acf_changed":false},"product_brand":[],"product_cat":[35],"product_tag":[],"class_list":{"0":"post-3120","1":"product","2":"type-product","3":"status-publish","4":"has-post-thumbnail","6":"product_cat-sale","8":"first","9":"instock","10":"sale","11":"shipping-taxable","12":"purchasable","13":"product-type-variable","14":"has-default-attributes","15":"wvs-archive-product-wrapper"},"acf":[],"_links":{"self":[{"href":"https:\/\/serenebrowsing.shop\/es\/wp-json\/wp\/v2\/product\/3120","targetHints":{"allow":["GET"]}}],"collection":[{"href":"https:\/\/serenebrowsing.shop\/es\/wp-json\/wp\/v2\/product"}],"about":[{"href":"https:\/\/serenebrowsing.shop\/es\/wp-json\/wp\/v2\/types\/product"}],"replies":[{"embeddable":true,"href":"https:\/\/serenebrowsing.shop\/es\/wp-json\/wp\/v2\/comments?post=3120"}],"version-history":[{"count":4,"href":"https:\/\/serenebrowsing.shop\/es\/wp-json\/wp\/v2\/product\/3120\/revisions"}],"predecessor-version":[{"id":3152,"href":"https:\/\/serenebrowsing.shop\/es\/wp-json\/wp\/v2\/product\/3120\/revisions\/3152"}],"wp:featuredmedia":[{"embeddable":true,"href":"https:\/\/serenebrowsing.shop\/es\/wp-json\/wp\/v2\/media\/3123"}],"wp:attachment":[{"href":"https:\/\/serenebrowsing.shop\/es\/wp-json\/wp\/v2\/media?parent=3120"}],"wp:term":[{"taxonomy":"product_brand","embeddable":true,"href":"https:\/\/serenebrowsing.shop\/es\/wp-json\/wp\/v2\/product_brand?post=3120"},{"taxonomy":"product_cat","embeddable":true,"href":"https:\/\/serenebrowsing.shop\/es\/wp-json\/wp\/v2\/product_cat?post=3120"},{"taxonomy":"product_tag","embeddable":true,"href":"https:\/\/serenebrowsing.shop\/es\/wp-json\/wp\/v2\/product_tag?post=3120"}],"curies":[{"name":"wp","href":"https:\/\/api.w.org\/{rel}","templated":true}]}}