{"id":2560,"date":"2026-02-03T05:41:40","date_gmt":"2026-02-03T05:41:40","guid":{"rendered":"https:\/\/serenebrowsing.shop\/?post_type=product&#038;p=2560"},"modified":"2026-02-03T05:43:16","modified_gmt":"2026-02-03T05:43:16","slug":"120-rolls-panda-cuddle-classic-soft-quilted-3-ply-toilet-tissue","status":"publish","type":"product","link":"https:\/\/serenebrowsing.shop\/es\/producto\/120-rolls-panda-cuddle-classic-soft-quilted-3-ply-toilet-tissue\/","title":{"rendered":"120 rollos de papel higi\u00e9nico acolchado Panda Cuddle Classic Soft de 3 capas"},"content":{"rendered":"<p><img loading=\"lazy\" decoding=\"async\" width=\"600\" height=\"180\" src=\"https:\/\/teal-lobster-750471.hostingersite.com\/wp-content\/uploads\/2026\/01\/0a94e009-4c71-461d-94c1-ceaf4435e622.__CR50002000600_PT0_SX600_V1___.jpg\" alt=\"\" srcset=\"https:\/\/teal-lobster-750471.hostingersite.com\/wp-content\/uploads\/2026\/01\/0a94e009-4c71-461d-94c1-ceaf4435e622.__CR50002000600_PT0_SX600_V1___.jpg 600w, https:\/\/teal-lobster-750471.hostingersite.com\/wp-content\/uploads\/2026\/01\/0a94e009-4c71-461d-94c1-ceaf4435e622.__CR50002000600_PT0_SX600_V1___-300x90.jpg 300w, https:\/\/teal-lobster-750471.hostingersite.com\/wp-content\/uploads\/2026\/01\/0a94e009-4c71-461d-94c1-ceaf4435e622.__CR50002000600_PT0_SX600_V1___-18x5.jpg 18w, https:\/\/teal-lobster-750471.hostingersite.com\/wp-content\/uploads\/2026\/01\/0a94e009-4c71-461d-94c1-ceaf4435e622.__CR50002000600_PT0_SX600_V1___-1x1.jpg 1w, https:\/\/teal-lobster-750471.hostingersite.com\/wp-content\/uploads\/2026\/01\/0a94e009-4c71-461d-94c1-ceaf4435e622.__CR50002000600_PT0_SX600_V1___-10x3.jpg 10w\" sizes=\"auto, (max-width: 600px) 100vw, 600px\" \/><br \/>\n\t\t\t\t\t\t\t\t\t\t\t\t\t\t\t<img loading=\"lazy\" decoding=\"async\" width=\"300\" height=\"300\" src=\"https:\/\/teal-lobster-750471.hostingersite.com\/wp-content\/uploads\/2026\/01\/48c03b52-c48c-46c7-9599-330ff9e260c5.__CR36010461046_PT0_SX300_V1___.jpg\" alt=\"\" srcset=\"https:\/\/teal-lobster-750471.hostingersite.com\/wp-content\/uploads\/2026\/01\/48c03b52-c48c-46c7-9599-330ff9e260c5.__CR36010461046_PT0_SX300_V1___.jpg 300w, https:\/\/teal-lobster-750471.hostingersite.com\/wp-content\/uploads\/2026\/01\/48c03b52-c48c-46c7-9599-330ff9e260c5.__CR36010461046_PT0_SX300_V1___-150x150.jpg 150w, https:\/\/teal-lobster-750471.hostingersite.com\/wp-content\/uploads\/2026\/01\/48c03b52-c48c-46c7-9599-330ff9e260c5.__CR36010461046_PT0_SX300_V1___-12x12.jpg 12w, https:\/\/teal-lobster-750471.hostingersite.com\/wp-content\/uploads\/2026\/01\/48c03b52-c48c-46c7-9599-330ff9e260c5.__CR36010461046_PT0_SX300_V1___-100x100.jpg 100w, https:\/\/teal-lobster-750471.hostingersite.com\/wp-content\/uploads\/2026\/01\/48c03b52-c48c-46c7-9599-330ff9e260c5.__CR36010461046_PT0_SX300_V1___-50x50.jpg 50w, https:\/\/teal-lobster-750471.hostingersite.com\/wp-content\/uploads\/2026\/01\/48c03b52-c48c-46c7-9599-330ff9e260c5.__CR36010461046_PT0_SX300_V1___-1x1.jpg 1w, https:\/\/teal-lobster-750471.hostingersite.com\/wp-content\/uploads\/2026\/01\/48c03b52-c48c-46c7-9599-330ff9e260c5.__CR36010461046_PT0_SX300_V1___-10x10.jpg 10w\" sizes=\"auto, (max-width: 300px) 100vw, 300px\" \/>\t\t\t\t\t\t\t\t\t\t\t\t\t\t\t<\/p>\n<h3>Panda Cuddle 3-Ply Suave Acolchado Rollos Higi\u00e9nicos Premium Ba\u00f1o Rollos Higi\u00e9nicos<\/h3>\n<p>Panda Cuddle 3-Ply Soft Quilted Scented Toilet Rolls Experimenta el confort y la higiene de lujo Mejora tu experiencia en el ba\u00f1o con Panda Cuddle 3-Ply Soft Quilted Scented Toilet Rolls. Fabricados para ofrecer la m\u00e1xima comodidad, estos rollos de papel higi\u00e9nico combinan suavidad y resistencia, garantizando una limpieza suave pero eficaz en todo momento.<\/p>\n<ul style=\"margin:0;\">\n<li>Suavidad acolchada de 3 capas<\/li>\n<li>Frescor perfumado<\/li>\n<li>Absorci\u00f3n superior<\/li>\n<li>Suave con la piel<\/li>\n<li>Textura en relieve<\/li>\n<\/ul>\n<p>\t\t\t\t\t\t\t\t\t\t\t\t\t\t\t<img loading=\"lazy\" decoding=\"async\" width=\"970\" height=\"300\" src=\"https:\/\/teal-lobster-750471.hostingersite.com\/wp-content\/uploads\/2026\/01\/2cc7ccee-1f54-4ac0-9380-0df5014d9f53.__CR00970300_PT0_SX970_V1___.jpg\" alt=\"\" srcset=\"https:\/\/teal-lobster-750471.hostingersite.com\/wp-content\/uploads\/2026\/01\/2cc7ccee-1f54-4ac0-9380-0df5014d9f53.__CR00970300_PT0_SX970_V1___.jpg 970w, https:\/\/teal-lobster-750471.hostingersite.com\/wp-content\/uploads\/2026\/01\/2cc7ccee-1f54-4ac0-9380-0df5014d9f53.__CR00970300_PT0_SX970_V1___-300x93.jpg 300w, https:\/\/teal-lobster-750471.hostingersite.com\/wp-content\/uploads\/2026\/01\/2cc7ccee-1f54-4ac0-9380-0df5014d9f53.__CR00970300_PT0_SX970_V1___-768x238.jpg 768w, https:\/\/teal-lobster-750471.hostingersite.com\/wp-content\/uploads\/2026\/01\/2cc7ccee-1f54-4ac0-9380-0df5014d9f53.__CR00970300_PT0_SX970_V1___-18x6.jpg 18w, https:\/\/teal-lobster-750471.hostingersite.com\/wp-content\/uploads\/2026\/01\/2cc7ccee-1f54-4ac0-9380-0df5014d9f53.__CR00970300_PT0_SX970_V1___-600x186.jpg 600w, https:\/\/teal-lobster-750471.hostingersite.com\/wp-content\/uploads\/2026\/01\/2cc7ccee-1f54-4ac0-9380-0df5014d9f53.__CR00970300_PT0_SX970_V1___-1x1.jpg 1w, https:\/\/teal-lobster-750471.hostingersite.com\/wp-content\/uploads\/2026\/01\/2cc7ccee-1f54-4ac0-9380-0df5014d9f53.__CR00970300_PT0_SX970_V1___-10x3.jpg 10w\" sizes=\"auto, (max-width: 970px) 100vw, 970px\" \/><br \/>\n\t\t\t\t\t\t\t\t\t\t\t\t\t\t\t<img loading=\"lazy\" decoding=\"async\" width=\"970\" height=\"300\" src=\"https:\/\/teal-lobster-750471.hostingersite.com\/wp-content\/uploads\/2026\/01\/0f70c7b8-7360-4622-8d80-6fb271ef811c.__CR00970300_PT0_SX970_V1___.jpg\" alt=\"\" srcset=\"https:\/\/teal-lobster-750471.hostingersite.com\/wp-content\/uploads\/2026\/01\/0f70c7b8-7360-4622-8d80-6fb271ef811c.__CR00970300_PT0_SX970_V1___.jpg 970w, https:\/\/teal-lobster-750471.hostingersite.com\/wp-content\/uploads\/2026\/01\/0f70c7b8-7360-4622-8d80-6fb271ef811c.__CR00970300_PT0_SX970_V1___-300x93.jpg 300w, https:\/\/teal-lobster-750471.hostingersite.com\/wp-content\/uploads\/2026\/01\/0f70c7b8-7360-4622-8d80-6fb271ef811c.__CR00970300_PT0_SX970_V1___-768x238.jpg 768w, https:\/\/teal-lobster-750471.hostingersite.com\/wp-content\/uploads\/2026\/01\/0f70c7b8-7360-4622-8d80-6fb271ef811c.__CR00970300_PT0_SX970_V1___-18x6.jpg 18w, https:\/\/teal-lobster-750471.hostingersite.com\/wp-content\/uploads\/2026\/01\/0f70c7b8-7360-4622-8d80-6fb271ef811c.__CR00970300_PT0_SX970_V1___-600x186.jpg 600w, https:\/\/teal-lobster-750471.hostingersite.com\/wp-content\/uploads\/2026\/01\/0f70c7b8-7360-4622-8d80-6fb271ef811c.__CR00970300_PT0_SX970_V1___-1x1.jpg 1w, https:\/\/teal-lobster-750471.hostingersite.com\/wp-content\/uploads\/2026\/01\/0f70c7b8-7360-4622-8d80-6fb271ef811c.__CR00970300_PT0_SX970_V1___-10x3.jpg 10w\" sizes=\"auto, (max-width: 970px) 100vw, 970px\" \/>\t\t\t\t\t\t\t\t\t\t\t\t\t\t\t<\/p>\n<h3 style=\"margin:0 0 10px 0; font-size:16px;\">Acerca de este art\u00edculo<\/h3>\n<ul style=\"margin:0;\">\n<li>\n          <strong>SUAVIDAD ACOLCHADA DE 3 CAPAS:<\/strong><br \/>\n          Disfrute de la textura acolchada y afelpada que proporciona una suavidad y resistencia excepcionales, ofreci\u00e9ndole la sensaci\u00f3n de lujo que se merece.\n    <\/li>\n<li>\n          <strong>FRESCOR PERFUMADO:<\/strong><br \/>\n          Con una sutil y refrescante fragancia, cada rollo deja un agradable aroma que realza el ambiente de su cuarto de ba\u00f1o.\n    <\/li>\n<li>\n          <strong>ABSORBENCIA SUPERIOR:<\/strong><br \/>\n          Dise\u00f1ados para ser muy absorbentes, garantizan un uso eficaz y exhaustivo, reducen los residuos y ofrecen una mejor relaci\u00f3n calidad-precio.\n    <\/li>\n<li>\n          <strong>SUAVE CON LA PIEL:<\/strong><br \/>\n          Fabricado con materiales de alta calidad que son suaves con todo tipo de pieles, por lo que es perfecto para toda la familia.\n    <\/li>\n<li>\n          <strong>ENVASES ECOL\u00d3GICOS:<\/strong><br \/>\n          Envasado de forma sostenible para reducir el impacto medioambiental, lo que lo convierte en una elecci\u00f3n responsable para su hogar.\n    <\/li>\n<\/ul>\n<figure><img decoding=\"async\" src=\"https:\/\/teal-lobster-750471.hostingersite.com\/wp-content\/uploads\/2026\/01\/c72p0zg2u86sunujpwqh2ynlyc67-4.webp\" alt=\"c72p0zg2u86sunujpwqh2ynlyc67-4\" \/><\/figure>\n<figure><img decoding=\"async\" src=\"https:\/\/teal-lobster-750471.hostingersite.com\/wp-content\/uploads\/2026\/01\/05nyde1tx1f88ezccv0bbi5zchs9-3.webp\" alt=\"05nyde1tx1f88ezccv0bbi5zchs9-3\" \/><\/figure>\n<figure><img decoding=\"async\" src=\"https:\/\/teal-lobster-750471.hostingersite.com\/wp-content\/uploads\/2026\/01\/cv0zrjbs3rzsj58fe9ae96maqmd7-3.webp\" alt=\"cv0zrjbs3rzsj58fe9ae96maqmd7-3\" \/><\/figure>\n<figure><img decoding=\"async\" src=\"https:\/\/teal-lobster-750471.hostingersite.com\/wp-content\/uploads\/2026\/01\/ajgpa515zse1e0nfu8ru1ee6d2lc-2.webp\" alt=\"ajgpa515zse1e0nfu8ru1ee6d2lc-2\" \/><\/figure>\n<figure><img decoding=\"async\" src=\"https:\/\/teal-lobster-750471.hostingersite.com\/wp-content\/uploads\/2026\/01\/lyw8wgml7wvgdexvitdeb018s5yl-2.webp\" alt=\"lyw8wgml7wvgdexvitdeb018s5yl-2\" \/><\/figure>\n<figure><img decoding=\"async\" src=\"https:\/\/teal-lobster-750471.hostingersite.com\/wp-content\/uploads\/2026\/01\/n0ipvpi27vya34purkyll5d8clbz-2.webp\" alt=\"n0ipvpi27vya34purkyll5d8clbz-2\" \/><\/figure>\n<p>\t\t\t\t\t\t<svg aria-hidden=\"true\" viewbox=\"0 0 1000 1000\" xmlns=\"http:\/\/www.w3.org\/2000\/svg\"><path d=\"M646 125C629 125 613 133 604 142L308 442C296 454 292 471 292 487 292 504 296 521 308 533L604 854C617 867 629 875 646 875 663 875 679 871 692 858 704 846 713 829 713 812 713 796 708 779 692 767L438 487 692 225C700 217 708 204 708 187 708 171 704 154 692 142 675 129 663 125 646 125Z\"><\/path><\/svg><br \/>\n\t\t\t\t\t\t<svg aria-hidden=\"true\" viewbox=\"0 0 1000 1000\" xmlns=\"http:\/\/www.w3.org\/2000\/svg\"><path d=\"M696 533C708 521 713 504 713 487 713 471 708 454 696 446L400 146C388 133 375 125 354 125 338 125 325 129 313 142 300 154 292 171 292 187 292 204 296 221 308 233L563 492 304 771C292 783 288 800 288 817 288 833 296 850 308 863 321 871 338 875 354 875 371 875 388 867 400 854L696 533Z\"><\/path><\/svg><br \/>\n\t\t\t\t\t\t\t\t\t\t\t\t\t\t\t<img loading=\"lazy\" decoding=\"async\" width=\"300\" height=\"300\" src=\"https:\/\/teal-lobster-750471.hostingersite.com\/wp-content\/uploads\/2026\/01\/1c5645af-04fb-4bf1-be99-5982355a270e.__CR24010711071_PT0_SX300_V1___-1.jpg\" alt=\"\" srcset=\"https:\/\/teal-lobster-750471.hostingersite.com\/wp-content\/uploads\/2026\/01\/1c5645af-04fb-4bf1-be99-5982355a270e.__CR24010711071_PT0_SX300_V1___-1.jpg 300w, https:\/\/teal-lobster-750471.hostingersite.com\/wp-content\/uploads\/2026\/01\/1c5645af-04fb-4bf1-be99-5982355a270e.__CR24010711071_PT0_SX300_V1___-1-150x150.jpg 150w, https:\/\/teal-lobster-750471.hostingersite.com\/wp-content\/uploads\/2026\/01\/1c5645af-04fb-4bf1-be99-5982355a270e.__CR24010711071_PT0_SX300_V1___-1-12x12.jpg 12w, https:\/\/teal-lobster-750471.hostingersite.com\/wp-content\/uploads\/2026\/01\/1c5645af-04fb-4bf1-be99-5982355a270e.__CR24010711071_PT0_SX300_V1___-1-100x100.jpg 100w, https:\/\/teal-lobster-750471.hostingersite.com\/wp-content\/uploads\/2026\/01\/1c5645af-04fb-4bf1-be99-5982355a270e.__CR24010711071_PT0_SX300_V1___-1-50x50.jpg 50w, https:\/\/teal-lobster-750471.hostingersite.com\/wp-content\/uploads\/2026\/01\/1c5645af-04fb-4bf1-be99-5982355a270e.__CR24010711071_PT0_SX300_V1___-1-1x1.jpg 1w, https:\/\/teal-lobster-750471.hostingersite.com\/wp-content\/uploads\/2026\/01\/1c5645af-04fb-4bf1-be99-5982355a270e.__CR24010711071_PT0_SX300_V1___-1-10x10.jpg 10w\" sizes=\"auto, (max-width: 300px) 100vw, 300px\" \/>\t\t\t\t\t\t\t\t\t\t\t\t\t\t\t<\/p>\n<h4>Papel Higi\u00e9nico Suave Acolchado Perfumado Aloe Vera<\/h4>\n<p>El Papel Higi\u00e9nico Suave Acolchado con Fragancia de Aloe Vera combina capas acolchadas de felpa con una relajante fragancia de aloe vera. Dise\u00f1ado para ofrecer el m\u00e1ximo confort y un cuidado suave, ofrece una experiencia lujosa y refrescante en todo momento.<\/p>\n<p>\t\t\t\t\t\t\t\t\t\t\t\t\t\t\t<img loading=\"lazy\" decoding=\"async\" width=\"300\" height=\"300\" src=\"https:\/\/teal-lobster-750471.hostingersite.com\/wp-content\/uploads\/2026\/01\/48c03b52-c48c-46c7-9599-330ff9e260c5.__CR36010461046_PT0_SX300_V1___-2.jpg\" alt=\"\" srcset=\"https:\/\/teal-lobster-750471.hostingersite.com\/wp-content\/uploads\/2026\/01\/48c03b52-c48c-46c7-9599-330ff9e260c5.__CR36010461046_PT0_SX300_V1___-2.jpg 300w, https:\/\/teal-lobster-750471.hostingersite.com\/wp-content\/uploads\/2026\/01\/48c03b52-c48c-46c7-9599-330ff9e260c5.__CR36010461046_PT0_SX300_V1___-2-150x150.jpg 150w, https:\/\/teal-lobster-750471.hostingersite.com\/wp-content\/uploads\/2026\/01\/48c03b52-c48c-46c7-9599-330ff9e260c5.__CR36010461046_PT0_SX300_V1___-2-12x12.jpg 12w, https:\/\/teal-lobster-750471.hostingersite.com\/wp-content\/uploads\/2026\/01\/48c03b52-c48c-46c7-9599-330ff9e260c5.__CR36010461046_PT0_SX300_V1___-2-100x100.jpg 100w, https:\/\/teal-lobster-750471.hostingersite.com\/wp-content\/uploads\/2026\/01\/48c03b52-c48c-46c7-9599-330ff9e260c5.__CR36010461046_PT0_SX300_V1___-2-50x50.jpg 50w, https:\/\/teal-lobster-750471.hostingersite.com\/wp-content\/uploads\/2026\/01\/48c03b52-c48c-46c7-9599-330ff9e260c5.__CR36010461046_PT0_SX300_V1___-2-1x1.jpg 1w, https:\/\/teal-lobster-750471.hostingersite.com\/wp-content\/uploads\/2026\/01\/48c03b52-c48c-46c7-9599-330ff9e260c5.__CR36010461046_PT0_SX300_V1___-2-10x10.jpg 10w\" sizes=\"auto, (max-width: 300px) 100vw, 300px\" \/>\t\t\t\t\t\t\t\t\t\t\t\t\t\t\t<\/p>\n<h4>Papel higi\u00e9nico acolchado Classic Soft<\/h4>\n<p>El papel higi\u00e9nico acolchado Classic Soft ofrece una suavidad y durabilidad excepcionales gracias a su dise\u00f1o acolchado de primera calidad. Dise\u00f1ado para ofrecer comodidad y resistencia, garantiza una experiencia suave y fiable en cada uso.<\/p>\n<p>\t\t\t\t\t\t\t\t\t\t\t\t\t\t\t<img loading=\"lazy\" decoding=\"async\" width=\"300\" height=\"300\" src=\"https:\/\/teal-lobster-750471.hostingersite.com\/wp-content\/uploads\/2026\/01\/60fb4f2d-7c08-4ac9-bbad-01cdd74ab6b8.__CR330530530_PT0_SX300_V1___-1.jpg\" alt=\"\" srcset=\"https:\/\/teal-lobster-750471.hostingersite.com\/wp-content\/uploads\/2026\/01\/60fb4f2d-7c08-4ac9-bbad-01cdd74ab6b8.__CR330530530_PT0_SX300_V1___-1.jpg 300w, https:\/\/teal-lobster-750471.hostingersite.com\/wp-content\/uploads\/2026\/01\/60fb4f2d-7c08-4ac9-bbad-01cdd74ab6b8.__CR330530530_PT0_SX300_V1___-1-150x150.jpg 150w, https:\/\/teal-lobster-750471.hostingersite.com\/wp-content\/uploads\/2026\/01\/60fb4f2d-7c08-4ac9-bbad-01cdd74ab6b8.__CR330530530_PT0_SX300_V1___-1-12x12.jpg 12w, https:\/\/teal-lobster-750471.hostingersite.com\/wp-content\/uploads\/2026\/01\/60fb4f2d-7c08-4ac9-bbad-01cdd74ab6b8.__CR330530530_PT0_SX300_V1___-1-100x100.jpg 100w, https:\/\/teal-lobster-750471.hostingersite.com\/wp-content\/uploads\/2026\/01\/60fb4f2d-7c08-4ac9-bbad-01cdd74ab6b8.__CR330530530_PT0_SX300_V1___-1-50x50.jpg 50w, https:\/\/teal-lobster-750471.hostingersite.com\/wp-content\/uploads\/2026\/01\/60fb4f2d-7c08-4ac9-bbad-01cdd74ab6b8.__CR330530530_PT0_SX300_V1___-1-1x1.jpg 1w, https:\/\/teal-lobster-750471.hostingersite.com\/wp-content\/uploads\/2026\/01\/60fb4f2d-7c08-4ac9-bbad-01cdd74ab6b8.__CR330530530_PT0_SX300_V1___-1-10x10.jpg 10w\" sizes=\"auto, (max-width: 300px) 100vw, 300px\" \/>\t\t\t\t\t\t\t\t\t\t\t\t\t\t\t<\/p>\n<h4>Papel Higi\u00e9nico Suave Acolchado Perfumado Lim\u00f3n<\/h4>\n<p>El papel higi\u00e9nico acolchado suave con aroma a lim\u00f3n tiene una refrescante fragancia a lim\u00f3n combinada con una textura acolchada y afelpada. Dise\u00f1ado para ofrecer el m\u00e1ximo confort y frescor, proporciona una experiencia lujosa y estimulante en todo momento.<\/p>","protected":false},"excerpt":{"rendered":"<p>Panda Cuddle 3-Ply Soft Quilted Toilet Rolls Premium Bathroom Toilet Rolls Panda Cuddle 3-Ply Soft Quilted Scented Toilet Rolls Experience Luxurious Comfort and Hygiene Elevate your bathroom experience with Panda Cuddle 3-Ply Soft Quilted Scented Toilet Rolls. Crafted for premium comfort, these toilet rolls combine softness and strength, ensuring a gentle yet effective clean every [&hellip;]<\/p>","protected":false},"featured_media":2663,"comment_status":"open","ping_status":"closed","template":"","meta":{"_acf_changed":false},"product_brand":[],"product_cat":[35],"product_tag":[],"class_list":{"0":"post-2560","1":"product","2":"type-product","3":"status-publish","4":"has-post-thumbnail","6":"product_cat-sale","8":"first","9":"outofstock","10":"shipping-taxable","11":"product-type-variable","12":"wvs-archive-product-wrapper"},"acf":[],"_links":{"self":[{"href":"https:\/\/serenebrowsing.shop\/es\/wp-json\/wp\/v2\/product\/2560","targetHints":{"allow":["GET"]}}],"collection":[{"href":"https:\/\/serenebrowsing.shop\/es\/wp-json\/wp\/v2\/product"}],"about":[{"href":"https:\/\/serenebrowsing.shop\/es\/wp-json\/wp\/v2\/types\/product"}],"replies":[{"embeddable":true,"href":"https:\/\/serenebrowsing.shop\/es\/wp-json\/wp\/v2\/comments?post=2560"}],"version-history":[{"count":1,"href":"https:\/\/serenebrowsing.shop\/es\/wp-json\/wp\/v2\/product\/2560\/revisions"}],"predecessor-version":[{"id":2664,"href":"https:\/\/serenebrowsing.shop\/es\/wp-json\/wp\/v2\/product\/2560\/revisions\/2664"}],"wp:featuredmedia":[{"embeddable":true,"href":"https:\/\/serenebrowsing.shop\/es\/wp-json\/wp\/v2\/media\/2663"}],"wp:attachment":[{"href":"https:\/\/serenebrowsing.shop\/es\/wp-json\/wp\/v2\/media?parent=2560"}],"wp:term":[{"taxonomy":"product_brand","embeddable":true,"href":"https:\/\/serenebrowsing.shop\/es\/wp-json\/wp\/v2\/product_brand?post=2560"},{"taxonomy":"product_cat","embeddable":true,"href":"https:\/\/serenebrowsing.shop\/es\/wp-json\/wp\/v2\/product_cat?post=2560"},{"taxonomy":"product_tag","embeddable":true,"href":"https:\/\/serenebrowsing.shop\/es\/wp-json\/wp\/v2\/product_tag?post=2560"}],"curies":[{"name":"wp","href":"https:\/\/api.w.org\/{rel}","templated":true}]}}