{"id":2547,"date":"2026-02-03T05:41:39","date_gmt":"2026-02-03T05:41:39","guid":{"rendered":"https:\/\/serenebrowsing.shop\/?post_type=product&#038;p=2547"},"modified":"2026-02-03T05:42:27","modified_gmt":"2026-02-03T05:42:27","slug":"120w-50000mah-portable-power-bank-with-built-in-cables-led-light","status":"publish","type":"product","link":"https:\/\/serenebrowsing.shop\/es\/producto\/120w-50000mah-portable-power-bank-with-built-in-cables-led-light\/","title":{"rendered":"120W 50000mAh Banco de energ\u00eda port\u00e1til con cables incorporados y luz LED"},"content":{"rendered":"<figure><img data-src=\"https:\/\/teal-lobster-750471.hostingersite.com\/wp-content\/uploads\/2026\/01\/S9dd63f751d6646c7ad8c4252fe56270b6-1.webp\" alt=\"S9dd63f751d6646c7ad8c4252fe56270b6\" \/><\/figure>\n<figure><img data-src=\"https:\/\/teal-lobster-750471.hostingersite.com\/wp-content\/uploads\/2026\/01\/S604ca680a7f3403886be9c4a2734f229E-1.webp\" alt=\"S604ca680a7f3403886be9c4a2734f229E\" \/><\/figure>\n<figure><img data-src=\"https:\/\/teal-lobster-750471.hostingersite.com\/wp-content\/uploads\/2026\/01\/Sbd78625e45db4386911e7170e2659c02a.webp\" alt=\"Sbd78625e45db4386911e7170e2659c02a\" \/><\/figure>\n<figure><img data-src=\"https:\/\/teal-lobster-750471.hostingersite.com\/wp-content\/uploads\/2026\/01\/S1b4711088dde4e37b47362de9f9c52f5N-1.webp\" alt=\"S1b4711088dde4e37b47362de9f9c52f5N\" \/><\/figure>\n<figure><img data-src=\"https:\/\/teal-lobster-750471.hostingersite.com\/wp-content\/uploads\/2026\/01\/Sc1ca0d31ae4245cab69774a3e8a80ef9N.webp\" alt=\"Sc1ca0d31ae4245cab69774a3e8a80ef9N\" \/><\/figure>\n<p>\t\t\t\t\t\t<svg aria-hidden=\"true\" viewbox=\"0 0 1000 1000\" xmlns=\"http:\/\/www.w3.org\/2000\/svg\"><path d=\"M646 125C629 125 613 133 604 142L308 442C296 454 292 471 292 487 292 504 296 521 308 533L604 854C617 867 629 875 646 875 663 875 679 871 692 858 704 846 713 829 713 812 713 796 708 779 692 767L438 487 692 225C700 217 708 204 708 187 708 171 704 154 692 142 675 129 663 125 646 125Z\"><\/path><\/svg><br \/>\n\t\t\t\t\t\t<svg aria-hidden=\"true\" viewbox=\"0 0 1000 1000\" xmlns=\"http:\/\/www.w3.org\/2000\/svg\"><path d=\"M696 533C708 521 713 504 713 487 713 471 708 454 696 446L400 146C388 133 375 125 354 125 338 125 325 129 313 142 300 154 292 171 292 187 292 204 296 221 308 233L563 492 304 771C292 783 288 800 288 817 288 833 296 850 308 863 321 871 338 875 354 875 371 875 388 867 400 854L696 533Z\"><\/path><\/svg>\t\t\t\t\t<\/p>\n<h2>Especificaciones<\/h2>\n<p>1.Capacidad:<br \/>Con una asombrosa capacidad de 100.000 mAh, esta bater\u00eda externa te garantiza que nunca te quedar\u00e1s sin bater\u00eda, por muy hambrientos de energ\u00eda que est\u00e9n tus dispositivos. Tanto si est\u00e1s en un viaje largo, un viaje de camping, o simplemente navegar por un d\u00eda ajetreado, este banco de energ\u00eda proporciona energ\u00eda suficiente para mantener sus dispositivos cargados varias veces sin necesidad de recargas frecuentes.<\/p>\n<p>2. Compatibilidad:<br \/>Dise\u00f1ada pensando en la versatilidad, esta bater\u00eda externa es compatible con una amplia gama de dispositivos, como smartphones, tabletas, auriculares Bluetooth, etc. Es totalmente compatible con dispositivos Huawei, Xiaomi y Samsung, lo que garantiza una experiencia de carga fluida en distintas marcas y modelos. Tanto si tienes el \u00faltimo buque insignia de los smartphones como un dispositivo econ\u00f3mico, esta bater\u00eda te cubre las espaldas.<\/p>\n<p>3. Funciones de seguridad avanzadas:<br \/>La seguridad es primordial cuando se trata de cargar dispositivos, por eso esta bater\u00eda est\u00e1 equipada con funciones de seguridad avanzadas para proteger tanto los dispositivos como la propia bater\u00eda. Las protecciones integradas, como la protecci\u00f3n contra sobrecarga, la protecci\u00f3n contra cortocircuitos y los mecanismos de control de temperatura, garantizan que tus dispositivos se carguen de forma segura y eficiente, sin riesgo de da\u00f1os por picos de tensi\u00f3n o sobrecalentamiento.<\/p>\n<p>4. Dise\u00f1o compacto y port\u00e1til:<br \/>A pesar de su enorme capacidad, esta bater\u00eda es sorprendentemente compacta y ligera, lo que la hace ideal para viajes, aventuras al aire libre o el uso diario. Su dise\u00f1o elegante y ergon\u00f3mico cabe c\u00f3modamente en la mano o el bolsillo, lo que le permite llevarlo con facilidad dondequiera que vaya. Tanto si se desplaza al trabajo, como si explora la naturaleza o simplemente se relaja en casa, esta bater\u00eda le proporcionar\u00e1 energ\u00eda de reserva siempre que la necesite.<\/p>\n<p>5. Luces indicadoras LED:<br \/>Mant\u00e9ngase informado de la capacidad restante de la bater\u00eda de su power bank de un vistazo con las luces indicadoras LED incorporadas. Estas luces intuitivas muestran el nivel de carga actual para que nunca te pille desprevenido una bater\u00eda agotada. Tanto si necesitas recargar la bater\u00eda como si quieres priorizar qu\u00e9 dispositivos cargar primero, los indicadores LED te informar\u00e1n en tiempo real para que est\u00e9s preparado.<\/p>\n<p>\t\t\t\t\t\t\t\t\t\t\t\t\t\t\t<img loading=\"lazy\" decoding=\"async\" width=\"1000\" height=\"1000\" src=\"https:\/\/teal-lobster-750471.hostingersite.com\/wp-content\/uploads\/2026\/01\/5b2e092f1111f74503e7dc4fdaa34567.png\" alt=\"\" srcset=\"https:\/\/teal-lobster-750471.hostingersite.com\/wp-content\/uploads\/2026\/01\/5b2e092f1111f74503e7dc4fdaa34567.png 1000w, https:\/\/teal-lobster-750471.hostingersite.com\/wp-content\/uploads\/2026\/01\/5b2e092f1111f74503e7dc4fdaa34567-300x300.png 300w, https:\/\/teal-lobster-750471.hostingersite.com\/wp-content\/uploads\/2026\/01\/5b2e092f1111f74503e7dc4fdaa34567-150x150.png 150w, https:\/\/teal-lobster-750471.hostingersite.com\/wp-content\/uploads\/2026\/01\/5b2e092f1111f74503e7dc4fdaa34567-768x768.png 768w, https:\/\/teal-lobster-750471.hostingersite.com\/wp-content\/uploads\/2026\/01\/5b2e092f1111f74503e7dc4fdaa34567-12x12.png 12w, https:\/\/teal-lobster-750471.hostingersite.com\/wp-content\/uploads\/2026\/01\/5b2e092f1111f74503e7dc4fdaa34567-600x600.png 600w, https:\/\/teal-lobster-750471.hostingersite.com\/wp-content\/uploads\/2026\/01\/5b2e092f1111f74503e7dc4fdaa34567-100x100.png 100w, https:\/\/teal-lobster-750471.hostingersite.com\/wp-content\/uploads\/2026\/01\/5b2e092f1111f74503e7dc4fdaa34567-50x50.png 50w, https:\/\/teal-lobster-750471.hostingersite.com\/wp-content\/uploads\/2026\/01\/5b2e092f1111f74503e7dc4fdaa34567-1x1.png 1w, https:\/\/teal-lobster-750471.hostingersite.com\/wp-content\/uploads\/2026\/01\/5b2e092f1111f74503e7dc4fdaa34567-10x10.png 10w\" sizes=\"auto, (max-width: 1000px) 100vw, 1000px\" \/><br \/>\n\t\t\t\t\t\t\t\t\t\t\t\t\t\t\t<img loading=\"lazy\" decoding=\"async\" width=\"1001\" height=\"1000\" src=\"https:\/\/teal-lobster-750471.hostingersite.com\/wp-content\/uploads\/2026\/01\/42e18cf4e085fa3de35f96b117671b4a.png\" alt=\"\" srcset=\"https:\/\/teal-lobster-750471.hostingersite.com\/wp-content\/uploads\/2026\/01\/42e18cf4e085fa3de35f96b117671b4a.png 1001w, https:\/\/teal-lobster-750471.hostingersite.com\/wp-content\/uploads\/2026\/01\/42e18cf4e085fa3de35f96b117671b4a-300x300.png 300w, https:\/\/teal-lobster-750471.hostingersite.com\/wp-content\/uploads\/2026\/01\/42e18cf4e085fa3de35f96b117671b4a-150x150.png 150w, https:\/\/teal-lobster-750471.hostingersite.com\/wp-content\/uploads\/2026\/01\/42e18cf4e085fa3de35f96b117671b4a-768x767.png 768w, https:\/\/teal-lobster-750471.hostingersite.com\/wp-content\/uploads\/2026\/01\/42e18cf4e085fa3de35f96b117671b4a-12x12.png 12w, https:\/\/teal-lobster-750471.hostingersite.com\/wp-content\/uploads\/2026\/01\/42e18cf4e085fa3de35f96b117671b4a-600x599.png 600w, https:\/\/teal-lobster-750471.hostingersite.com\/wp-content\/uploads\/2026\/01\/42e18cf4e085fa3de35f96b117671b4a-100x100.png 100w, https:\/\/teal-lobster-750471.hostingersite.com\/wp-content\/uploads\/2026\/01\/42e18cf4e085fa3de35f96b117671b4a-50x50.png 50w, https:\/\/teal-lobster-750471.hostingersite.com\/wp-content\/uploads\/2026\/01\/42e18cf4e085fa3de35f96b117671b4a-1x1.png 1w, https:\/\/teal-lobster-750471.hostingersite.com\/wp-content\/uploads\/2026\/01\/42e18cf4e085fa3de35f96b117671b4a-10x10.png 10w\" sizes=\"auto, (max-width: 1001px) 100vw, 1001px\" \/><br \/>\n\t\t\t\t\t\t\t\t\t\t\t\t\t\t\t<img loading=\"lazy\" decoding=\"async\" width=\"1001\" height=\"1001\" src=\"https:\/\/teal-lobster-750471.hostingersite.com\/wp-content\/uploads\/2026\/01\/0772a4ce3c59009b611bb164970a91bb.png\" alt=\"\" srcset=\"https:\/\/teal-lobster-750471.hostingersite.com\/wp-content\/uploads\/2026\/01\/0772a4ce3c59009b611bb164970a91bb.png 1001w, https:\/\/teal-lobster-750471.hostingersite.com\/wp-content\/uploads\/2026\/01\/0772a4ce3c59009b611bb164970a91bb-300x300.png 300w, https:\/\/teal-lobster-750471.hostingersite.com\/wp-content\/uploads\/2026\/01\/0772a4ce3c59009b611bb164970a91bb-150x150.png 150w, https:\/\/teal-lobster-750471.hostingersite.com\/wp-content\/uploads\/2026\/01\/0772a4ce3c59009b611bb164970a91bb-768x768.png 768w, https:\/\/teal-lobster-750471.hostingersite.com\/wp-content\/uploads\/2026\/01\/0772a4ce3c59009b611bb164970a91bb-12x12.png 12w, https:\/\/teal-lobster-750471.hostingersite.com\/wp-content\/uploads\/2026\/01\/0772a4ce3c59009b611bb164970a91bb-600x600.png 600w, https:\/\/teal-lobster-750471.hostingersite.com\/wp-content\/uploads\/2026\/01\/0772a4ce3c59009b611bb164970a91bb-100x100.png 100w, https:\/\/teal-lobster-750471.hostingersite.com\/wp-content\/uploads\/2026\/01\/0772a4ce3c59009b611bb164970a91bb-50x50.png 50w, https:\/\/teal-lobster-750471.hostingersite.com\/wp-content\/uploads\/2026\/01\/0772a4ce3c59009b611bb164970a91bb-1x1.png 1w, https:\/\/teal-lobster-750471.hostingersite.com\/wp-content\/uploads\/2026\/01\/0772a4ce3c59009b611bb164970a91bb-10x10.png 10w\" sizes=\"auto, (max-width: 1001px) 100vw, 1001px\" \/><br \/>\n\t\t\t\t\t\t\t\t\t\t\t\t\t\t\t<img loading=\"lazy\" decoding=\"async\" width=\"1000\" height=\"1000\" src=\"https:\/\/teal-lobster-750471.hostingersite.com\/wp-content\/uploads\/2026\/01\/e41975d8bdb52cf086e651adfa72fa57.png\" alt=\"\" srcset=\"https:\/\/teal-lobster-750471.hostingersite.com\/wp-content\/uploads\/2026\/01\/e41975d8bdb52cf086e651adfa72fa57.png 1000w, https:\/\/teal-lobster-750471.hostingersite.com\/wp-content\/uploads\/2026\/01\/e41975d8bdb52cf086e651adfa72fa57-300x300.png 300w, https:\/\/teal-lobster-750471.hostingersite.com\/wp-content\/uploads\/2026\/01\/e41975d8bdb52cf086e651adfa72fa57-150x150.png 150w, https:\/\/teal-lobster-750471.hostingersite.com\/wp-content\/uploads\/2026\/01\/e41975d8bdb52cf086e651adfa72fa57-768x768.png 768w, https:\/\/teal-lobster-750471.hostingersite.com\/wp-content\/uploads\/2026\/01\/e41975d8bdb52cf086e651adfa72fa57-12x12.png 12w, https:\/\/teal-lobster-750471.hostingersite.com\/wp-content\/uploads\/2026\/01\/e41975d8bdb52cf086e651adfa72fa57-600x600.png 600w, https:\/\/teal-lobster-750471.hostingersite.com\/wp-content\/uploads\/2026\/01\/e41975d8bdb52cf086e651adfa72fa57-100x100.png 100w, https:\/\/teal-lobster-750471.hostingersite.com\/wp-content\/uploads\/2026\/01\/e41975d8bdb52cf086e651adfa72fa57-50x50.png 50w, https:\/\/teal-lobster-750471.hostingersite.com\/wp-content\/uploads\/2026\/01\/e41975d8bdb52cf086e651adfa72fa57-1x1.png 1w, https:\/\/teal-lobster-750471.hostingersite.com\/wp-content\/uploads\/2026\/01\/e41975d8bdb52cf086e651adfa72fa57-10x10.png 10w\" sizes=\"auto, (max-width: 1000px) 100vw, 1000px\" \/><br \/>\n\t\t\t\t\t\t\t\t\t\t\t\t\t\t\t<img loading=\"lazy\" decoding=\"async\" width=\"546\" height=\"1024\" src=\"https:\/\/teal-lobster-750471.hostingersite.com\/wp-content\/uploads\/2026\/01\/Sc5de9920d0444d04a2f47bc4f20a8a66i-1-546x1024.webp\" alt=\"\" srcset=\"https:\/\/teal-lobster-750471.hostingersite.com\/wp-content\/uploads\/2026\/01\/Sc5de9920d0444d04a2f47bc4f20a8a66i-1-546x1024.webp 546w, https:\/\/teal-lobster-750471.hostingersite.com\/wp-content\/uploads\/2026\/01\/Sc5de9920d0444d04a2f47bc4f20a8a66i-1-160x300.webp 160w, https:\/\/teal-lobster-750471.hostingersite.com\/wp-content\/uploads\/2026\/01\/Sc5de9920d0444d04a2f47bc4f20a8a66i-1-768x1440.webp 768w, https:\/\/teal-lobster-750471.hostingersite.com\/wp-content\/uploads\/2026\/01\/Sc5de9920d0444d04a2f47bc4f20a8a66i-1-819x1536.webp 819w, https:\/\/teal-lobster-750471.hostingersite.com\/wp-content\/uploads\/2026\/01\/Sc5de9920d0444d04a2f47bc4f20a8a66i-1-6x12.webp 6w, https:\/\/teal-lobster-750471.hostingersite.com\/wp-content\/uploads\/2026\/01\/Sc5de9920d0444d04a2f47bc4f20a8a66i-1-600x1125.webp 600w, https:\/\/teal-lobster-750471.hostingersite.com\/wp-content\/uploads\/2026\/01\/Sc5de9920d0444d04a2f47bc4f20a8a66i-1-1x1.webp 1w, https:\/\/teal-lobster-750471.hostingersite.com\/wp-content\/uploads\/2026\/01\/Sc5de9920d0444d04a2f47bc4f20a8a66i-1-5x10.webp 5w, https:\/\/teal-lobster-750471.hostingersite.com\/wp-content\/uploads\/2026\/01\/Sc5de9920d0444d04a2f47bc4f20a8a66i-1.webp 1000w\" sizes=\"auto, (max-width: 546px) 100vw, 546px\" \/><br \/>\n\t\t\t\t\t\t\t\t\t\t\t\t\t\t\t<img loading=\"lazy\" decoding=\"async\" width=\"1000\" height=\"834\" src=\"https:\/\/teal-lobster-750471.hostingersite.com\/wp-content\/uploads\/2026\/01\/Sc0b15f173ce24597a6001a95b02de80dJ.webp\" alt=\"\" srcset=\"https:\/\/teal-lobster-750471.hostingersite.com\/wp-content\/uploads\/2026\/01\/Sc0b15f173ce24597a6001a95b02de80dJ.webp 1000w, https:\/\/teal-lobster-750471.hostingersite.com\/wp-content\/uploads\/2026\/01\/Sc0b15f173ce24597a6001a95b02de80dJ-300x250.webp 300w, https:\/\/teal-lobster-750471.hostingersite.com\/wp-content\/uploads\/2026\/01\/Sc0b15f173ce24597a6001a95b02de80dJ-768x641.webp 768w, https:\/\/teal-lobster-750471.hostingersite.com\/wp-content\/uploads\/2026\/01\/Sc0b15f173ce24597a6001a95b02de80dJ-14x12.webp 14w, https:\/\/teal-lobster-750471.hostingersite.com\/wp-content\/uploads\/2026\/01\/Sc0b15f173ce24597a6001a95b02de80dJ-600x500.webp 600w, https:\/\/teal-lobster-750471.hostingersite.com\/wp-content\/uploads\/2026\/01\/Sc0b15f173ce24597a6001a95b02de80dJ-1x1.webp 1w, https:\/\/teal-lobster-750471.hostingersite.com\/wp-content\/uploads\/2026\/01\/Sc0b15f173ce24597a6001a95b02de80dJ-10x8.webp 10w\" sizes=\"auto, (max-width: 1000px) 100vw, 1000px\" \/><br \/>\n\t\t\t\t\t\t\t\t\t\t\t\t\t\t\t<img loading=\"lazy\" decoding=\"async\" width=\"594\" height=\"1024\" src=\"https:\/\/teal-lobster-750471.hostingersite.com\/wp-content\/uploads\/2026\/01\/Se7398eb05504443c9b61cfefa471b767L-1-594x1024.webp\" alt=\"\" srcset=\"https:\/\/teal-lobster-750471.hostingersite.com\/wp-content\/uploads\/2026\/01\/Se7398eb05504443c9b61cfefa471b767L-1-594x1024.webp 594w, https:\/\/teal-lobster-750471.hostingersite.com\/wp-content\/uploads\/2026\/01\/Se7398eb05504443c9b61cfefa471b767L-1-174x300.webp 174w, https:\/\/teal-lobster-750471.hostingersite.com\/wp-content\/uploads\/2026\/01\/Se7398eb05504443c9b61cfefa471b767L-1-768x1323.webp 768w, https:\/\/teal-lobster-750471.hostingersite.com\/wp-content\/uploads\/2026\/01\/Se7398eb05504443c9b61cfefa471b767L-1-891x1536.webp 891w, https:\/\/teal-lobster-750471.hostingersite.com\/wp-content\/uploads\/2026\/01\/Se7398eb05504443c9b61cfefa471b767L-1-7x12.webp 7w, https:\/\/teal-lobster-750471.hostingersite.com\/wp-content\/uploads\/2026\/01\/Se7398eb05504443c9b61cfefa471b767L-1-600x1034.webp 600w, https:\/\/teal-lobster-750471.hostingersite.com\/wp-content\/uploads\/2026\/01\/Se7398eb05504443c9b61cfefa471b767L-1-1x1.webp 1w, https:\/\/teal-lobster-750471.hostingersite.com\/wp-content\/uploads\/2026\/01\/Se7398eb05504443c9b61cfefa471b767L-1-6x10.webp 6w, https:\/\/teal-lobster-750471.hostingersite.com\/wp-content\/uploads\/2026\/01\/Se7398eb05504443c9b61cfefa471b767L-1.webp 1000w\" sizes=\"auto, (max-width: 594px) 100vw, 594px\" \/><br \/>\n\t\t\t\t\t\t\t\t\t\t\t\t\t\t\t<img loading=\"lazy\" decoding=\"async\" width=\"1000\" height=\"642\" src=\"https:\/\/teal-lobster-750471.hostingersite.com\/wp-content\/uploads\/2026\/01\/S5c596021572b4c5297389aa2806108ddX.webp\" alt=\"\" srcset=\"https:\/\/teal-lobster-750471.hostingersite.com\/wp-content\/uploads\/2026\/01\/S5c596021572b4c5297389aa2806108ddX.webp 1000w, https:\/\/teal-lobster-750471.hostingersite.com\/wp-content\/uploads\/2026\/01\/S5c596021572b4c5297389aa2806108ddX-300x193.webp 300w, https:\/\/teal-lobster-750471.hostingersite.com\/wp-content\/uploads\/2026\/01\/S5c596021572b4c5297389aa2806108ddX-768x493.webp 768w, https:\/\/teal-lobster-750471.hostingersite.com\/wp-content\/uploads\/2026\/01\/S5c596021572b4c5297389aa2806108ddX-18x12.webp 18w, https:\/\/teal-lobster-750471.hostingersite.com\/wp-content\/uploads\/2026\/01\/S5c596021572b4c5297389aa2806108ddX-600x385.webp 600w, https:\/\/teal-lobster-750471.hostingersite.com\/wp-content\/uploads\/2026\/01\/S5c596021572b4c5297389aa2806108ddX-1x1.webp 1w, https:\/\/teal-lobster-750471.hostingersite.com\/wp-content\/uploads\/2026\/01\/S5c596021572b4c5297389aa2806108ddX-10x6.webp 10w\" sizes=\"auto, (max-width: 1000px) 100vw, 1000px\" \/><br \/>\n\t\t\t\t\t\t\t\t\t\t\t\t\t\t\t<img loading=\"lazy\" decoding=\"async\" width=\"564\" height=\"1024\" src=\"https:\/\/teal-lobster-750471.hostingersite.com\/wp-content\/uploads\/2026\/01\/S2a75ce7398784588a2bf6472257c9b1ev-2-564x1024.webp\" alt=\"\" srcset=\"https:\/\/teal-lobster-750471.hostingersite.com\/wp-content\/uploads\/2026\/01\/S2a75ce7398784588a2bf6472257c9b1ev-2-564x1024.webp 564w, https:\/\/teal-lobster-750471.hostingersite.com\/wp-content\/uploads\/2026\/01\/S2a75ce7398784588a2bf6472257c9b1ev-2-165x300.webp 165w, https:\/\/teal-lobster-750471.hostingersite.com\/wp-content\/uploads\/2026\/01\/S2a75ce7398784588a2bf6472257c9b1ev-2-768x1394.webp 768w, https:\/\/teal-lobster-750471.hostingersite.com\/wp-content\/uploads\/2026\/01\/S2a75ce7398784588a2bf6472257c9b1ev-2-846x1536.webp 846w, https:\/\/teal-lobster-750471.hostingersite.com\/wp-content\/uploads\/2026\/01\/S2a75ce7398784588a2bf6472257c9b1ev-2-7x12.webp 7w, https:\/\/teal-lobster-750471.hostingersite.com\/wp-content\/uploads\/2026\/01\/S2a75ce7398784588a2bf6472257c9b1ev-2-600x1089.webp 600w, https:\/\/teal-lobster-750471.hostingersite.com\/wp-content\/uploads\/2026\/01\/S2a75ce7398784588a2bf6472257c9b1ev-2-1x1.webp 1w, https:\/\/teal-lobster-750471.hostingersite.com\/wp-content\/uploads\/2026\/01\/S2a75ce7398784588a2bf6472257c9b1ev-2-6x10.webp 6w, https:\/\/teal-lobster-750471.hostingersite.com\/wp-content\/uploads\/2026\/01\/S2a75ce7398784588a2bf6472257c9b1ev-2.webp 1000w\" sizes=\"auto, (max-width: 564px) 100vw, 564px\" \/><br \/>\n\t\t\t\t\t\t\t\t\t\t\t\t\t\t\t<img loading=\"lazy\" decoding=\"async\" width=\"1000\" height=\"834\" src=\"https:\/\/teal-lobster-750471.hostingersite.com\/wp-content\/uploads\/2026\/01\/S706c0fcb65de47568e35666235f9eb78j.webp\" alt=\"\" srcset=\"https:\/\/teal-lobster-750471.hostingersite.com\/wp-content\/uploads\/2026\/01\/S706c0fcb65de47568e35666235f9eb78j.webp 1000w, https:\/\/teal-lobster-750471.hostingersite.com\/wp-content\/uploads\/2026\/01\/S706c0fcb65de47568e35666235f9eb78j-300x250.webp 300w, https:\/\/teal-lobster-750471.hostingersite.com\/wp-content\/uploads\/2026\/01\/S706c0fcb65de47568e35666235f9eb78j-768x641.webp 768w, https:\/\/teal-lobster-750471.hostingersite.com\/wp-content\/uploads\/2026\/01\/S706c0fcb65de47568e35666235f9eb78j-14x12.webp 14w, https:\/\/teal-lobster-750471.hostingersite.com\/wp-content\/uploads\/2026\/01\/S706c0fcb65de47568e35666235f9eb78j-600x500.webp 600w, https:\/\/teal-lobster-750471.hostingersite.com\/wp-content\/uploads\/2026\/01\/S706c0fcb65de47568e35666235f9eb78j-1x1.webp 1w, https:\/\/teal-lobster-750471.hostingersite.com\/wp-content\/uploads\/2026\/01\/S706c0fcb65de47568e35666235f9eb78j-10x8.webp 10w\" sizes=\"auto, (max-width: 1000px) 100vw, 1000px\" \/><\/p>","protected":false},"excerpt":{"rendered":"<p>Specifications 1.Capacity:At a staggering 100000 mAh capacity, this power bank ensures that you never run out of juice, no matter how power-hungry your devices are. Whether you&#8217;re on a long journey, camping trip, or simply navigating a busy day, this power bank provides ample power to keep your devices charged multiple times over without the [&hellip;]<\/p>","protected":false},"featured_media":2608,"comment_status":"open","ping_status":"closed","template":"","meta":{"_acf_changed":false},"product_brand":[],"product_cat":[35],"product_tag":[],"class_list":{"0":"post-2547","1":"product","2":"type-product","3":"status-publish","4":"has-post-thumbnail","6":"product_cat-sale","8":"first","9":"instock","10":"sale","11":"shipping-taxable","12":"purchasable","13":"product-type-variable","14":"wvs-archive-product-wrapper"},"acf":[],"_links":{"self":[{"href":"https:\/\/serenebrowsing.shop\/es\/wp-json\/wp\/v2\/product\/2547","targetHints":{"allow":["GET"]}}],"collection":[{"href":"https:\/\/serenebrowsing.shop\/es\/wp-json\/wp\/v2\/product"}],"about":[{"href":"https:\/\/serenebrowsing.shop\/es\/wp-json\/wp\/v2\/types\/product"}],"replies":[{"embeddable":true,"href":"https:\/\/serenebrowsing.shop\/es\/wp-json\/wp\/v2\/comments?post=2547"}],"version-history":[{"count":1,"href":"https:\/\/serenebrowsing.shop\/es\/wp-json\/wp\/v2\/product\/2547\/revisions"}],"predecessor-version":[{"id":2609,"href":"https:\/\/serenebrowsing.shop\/es\/wp-json\/wp\/v2\/product\/2547\/revisions\/2609"}],"wp:featuredmedia":[{"embeddable":true,"href":"https:\/\/serenebrowsing.shop\/es\/wp-json\/wp\/v2\/media\/2608"}],"wp:attachment":[{"href":"https:\/\/serenebrowsing.shop\/es\/wp-json\/wp\/v2\/media?parent=2547"}],"wp:term":[{"taxonomy":"product_brand","embeddable":true,"href":"https:\/\/serenebrowsing.shop\/es\/wp-json\/wp\/v2\/product_brand?post=2547"},{"taxonomy":"product_cat","embeddable":true,"href":"https:\/\/serenebrowsing.shop\/es\/wp-json\/wp\/v2\/product_cat?post=2547"},{"taxonomy":"product_tag","embeddable":true,"href":"https:\/\/serenebrowsing.shop\/es\/wp-json\/wp\/v2\/product_tag?post=2547"}],"curies":[{"name":"wp","href":"https:\/\/api.w.org\/{rel}","templated":true}]}}